{"id":2944,"date":"2026-01-19T03:26:03","date_gmt":"2026-01-19T03:26:03","guid":{"rendered":"https:\/\/specialpicks.shop\/?post_type=product&#038;p=2944"},"modified":"2026-01-30T13:21:34","modified_gmt":"2026-01-30T13:21:34","slug":"baliza-v16-mas-avanzada-conectada-a-dgt-3-0-luz-emergencia-homologado-y-certificado-por-dgt","status":"publish","type":"product","link":"https:\/\/specialpicks.shop\/es\/producto\/baliza-v16-mas-avanzada-conectada-a-dgt-3-0-luz-emergencia-homologado-y-certificado-por-dgt\/","title":{"rendered":"Baliza V16 Mas Avanzada | Conectada a DGT 3.0 | Luz Emergencia Homologado y Certificado por DGT"},"content":{"rendered":"<p><img fetchpriority=\"high\" decoding=\"async\" class=\"aligncenter\" src=\"https:\/\/specialpicks.shop\/wp-content\/uploads\/2026\/01\/c0177089-ca8e-4c2b-8c51-01f45c45bd48.__CR001464600_PT0_SX1464_V1___-1024x420.jpg\" sizes=\"(max-width: 800px) 100vw, 800px\" srcset=\"https:\/\/specialpicks.shop\/wp-content\/uploads\/2026\/01\/c0177089-ca8e-4c2b-8c51-01f45c45bd48.__CR001464600_PT0_SX1464_V1___-1024x420.jpg 1024w, https:\/\/specialpicks.shop\/wp-content\/uploads\/2026\/01\/c0177089-ca8e-4c2b-8c51-01f45c45bd48.__CR001464600_PT0_SX1464_V1___-300x123.jpg 300w, https:\/\/specialpicks.shop\/wp-content\/uploads\/2026\/01\/c0177089-ca8e-4c2b-8c51-01f45c45bd48.__CR001464600_PT0_SX1464_V1___-768x315.jpg 768w, https:\/\/specialpicks.shop\/wp-content\/uploads\/2026\/01\/c0177089-ca8e-4c2b-8c51-01f45c45bd48.__CR001464600_PT0_SX1464_V1___-600x246.jpg 600w, https:\/\/specialpicks.shop\/wp-content\/uploads\/2026\/01\/c0177089-ca8e-4c2b-8c51-01f45c45bd48.__CR001464600_PT0_SX1464_V1.jpg 1464w\" alt=\"\" width=\"800\" height=\"328\" \/><br \/>\n<img decoding=\"async\" class=\"aligncenter\" src=\"https:\/\/specialpicks.shop\/wp-content\/uploads\/2026\/01\/afecbe43-3d7e-4b25-8eb2-2bbfe5c29d33.__CR001464600_PT0_SX1464_V1___-1024x420.jpg\" sizes=\"(max-width: 800px) 100vw, 800px\" srcset=\"https:\/\/specialpicks.shop\/wp-content\/uploads\/2026\/01\/afecbe43-3d7e-4b25-8eb2-2bbfe5c29d33.__CR001464600_PT0_SX1464_V1___-1024x420.jpg 1024w, https:\/\/specialpicks.shop\/wp-content\/uploads\/2026\/01\/afecbe43-3d7e-4b25-8eb2-2bbfe5c29d33.__CR001464600_PT0_SX1464_V1___-300x123.jpg 300w, https:\/\/specialpicks.shop\/wp-content\/uploads\/2026\/01\/afecbe43-3d7e-4b25-8eb2-2bbfe5c29d33.__CR001464600_PT0_SX1464_V1___-768x315.jpg 768w, https:\/\/specialpicks.shop\/wp-content\/uploads\/2026\/01\/afecbe43-3d7e-4b25-8eb2-2bbfe5c29d33.__CR001464600_PT0_SX1464_V1___-600x246.jpg 600w, https:\/\/specialpicks.shop\/wp-content\/uploads\/2026\/01\/afecbe43-3d7e-4b25-8eb2-2bbfe5c29d33.__CR001464600_PT0_SX1464_V1.jpg 1464w\" alt=\"\" width=\"800\" height=\"328\" \/><br \/>\n<img decoding=\"async\" class=\"aligncenter\" src=\"https:\/\/specialpicks.shop\/wp-content\/uploads\/2026\/01\/7e6b2e78-b9c4-412a-9e48-95a4aefd753e.__CR001464600_PT0_SX1464_V1___-1024x420.jpg\" sizes=\"(max-width: 800px) 100vw, 800px\" srcset=\"https:\/\/specialpicks.shop\/wp-content\/uploads\/2026\/01\/7e6b2e78-b9c4-412a-9e48-95a4aefd753e.__CR001464600_PT0_SX1464_V1___-1024x420.jpg 1024w, https:\/\/specialpicks.shop\/wp-content\/uploads\/2026\/01\/7e6b2e78-b9c4-412a-9e48-95a4aefd753e.__CR001464600_PT0_SX1464_V1___-300x123.jpg 300w, https:\/\/specialpicks.shop\/wp-content\/uploads\/2026\/01\/7e6b2e78-b9c4-412a-9e48-95a4aefd753e.__CR001464600_PT0_SX1464_V1___-768x315.jpg 768w, https:\/\/specialpicks.shop\/wp-content\/uploads\/2026\/01\/7e6b2e78-b9c4-412a-9e48-95a4aefd753e.__CR001464600_PT0_SX1464_V1___-600x246.jpg 600w, https:\/\/specialpicks.shop\/wp-content\/uploads\/2026\/01\/7e6b2e78-b9c4-412a-9e48-95a4aefd753e.__CR001464600_PT0_SX1464_V1.jpg 1464w\" alt=\"\" width=\"800\" height=\"328\" \/><br \/>\n<img loading=\"lazy\" decoding=\"async\" class=\"aligncenter\" src=\"https:\/\/specialpicks.shop\/wp-content\/uploads\/2026\/01\/cb7b2fb1-8146-4b68-bfe1-b4047022e6a1.__CR001464600_PT0_SX1464_V1___-1024x420.jpg\" sizes=\"(max-width: 800px) 100vw, 800px\" srcset=\"https:\/\/specialpicks.shop\/wp-content\/uploads\/2026\/01\/cb7b2fb1-8146-4b68-bfe1-b4047022e6a1.__CR001464600_PT0_SX1464_V1___-1024x420.jpg 1024w, https:\/\/specialpicks.shop\/wp-content\/uploads\/2026\/01\/cb7b2fb1-8146-4b68-bfe1-b4047022e6a1.__CR001464600_PT0_SX1464_V1___-300x123.jpg 300w, https:\/\/specialpicks.shop\/wp-content\/uploads\/2026\/01\/cb7b2fb1-8146-4b68-bfe1-b4047022e6a1.__CR001464600_PT0_SX1464_V1___-768x315.jpg 768w, https:\/\/specialpicks.shop\/wp-content\/uploads\/2026\/01\/cb7b2fb1-8146-4b68-bfe1-b4047022e6a1.__CR001464600_PT0_SX1464_V1___-600x246.jpg 600w, https:\/\/specialpicks.shop\/wp-content\/uploads\/2026\/01\/cb7b2fb1-8146-4b68-bfe1-b4047022e6a1.__CR001464600_PT0_SX1464_V1.jpg 1464w\" alt=\"\" width=\"800\" height=\"328\" \/><\/p>\n<ul>\n<li>La baliza V16 con Geolocalizaci&oacute;n DGT 3.0 m&aacute;s avanzada: Compatible con el cable de alimentaci&oacute;n para coche RAYKONG (no incluido). (El cable es de alimentaci&oacute;n directa) &quot;Advertencia: No utilice pilas de litio&quot; &lt;br&gt;Esta luz V16 con geolocalizador integrado env&iacute;a tu posici&oacute;n en tiempo real a la DGT, garantizando que puedas ser localizado de forma r&aacute;pida y eficaz | Emite luz visible a m&aacute;s de 1 km en 360&deg; | Resistente al viento | Impermeable IP54<\/li>\n<li>Aprobado y Homologado por la DGT: Certificado (IDIADA PC25060196) La baliza V16 con geolocalizaci\u00f3n ser\u00e1 el \u00fanico dispositivo legal de prese\u00f1alizaci\u00f3n de peligro. Sustituye a los tri\u00e1ngulos de emergencia en cumplimiento de la normativa vigente de seguridad vial de la DGT y la que ser\u00e1 obligatoria a partir del 1 de enero de 2026.<\/li>\n<li>Tres indicadores LED: Para verificar que el dispositivo est\u00e1 conectado y operativo. CON : El estado de conexi\u00f3n a Internet de NB IoT | GPS : El estado de conexi\u00f3n del GPS | BAT : El estado de la capacidad de la bater\u00eda.<\/li>\n<li>PAID eSIM DATA: Incluye un plan de datos de pago de Telef\u00f3nica Tech con m\u00e1s de 12 a\u00f1os de validez hasta 2038. eSIM incorporada con conectividad a la red IoT de Telef\u00f3nica Tech. Sin suscripciones ni costes adicionales. Tu tarjeta de datos virtual es totalmente an\u00f3nima, solo para notificar la incidencia sin referencias personales.<\/li>\n<\/ul>","protected":false},"excerpt":{"rendered":"<p>La baliza V16 con Geolocalizaci&oacute;n DGT 3.0 m&aacute;s avanzada: Compatible con el cable de alimentaci&oacute;n para coche RAYKONG (no incluido). (El cable es de alimentaci&oacute;n directa) &quot;Advertencia: No utilice pilas de litio&quot; &lt;br&gt;This V16 light with built-in geolocator sends your real-time position to the DGT, ensuring you can be located quickly and efficiently | Emits visible light over 1km [&hellip;]<\/p>","protected":false},"featured_media":2948,"comment_status":"open","ping_status":"closed","template":"","meta":{"_acf_changed":false},"product_brand":[],"product_cat":[35],"product_tag":[],"class_list":{"0":"post-2944","1":"product","2":"type-product","3":"status-publish","4":"has-post-thumbnail","6":"product_cat-sale","8":"first","9":"instock","10":"sale","11":"shipping-taxable","12":"purchasable","13":"product-type-variable","14":"has-default-attributes","15":"wvs-archive-product-wrapper"},"acf":[],"_links":{"self":[{"href":"https:\/\/specialpicks.shop\/es\/wp-json\/wp\/v2\/product\/2944","targetHints":{"allow":["GET"]}}],"collection":[{"href":"https:\/\/specialpicks.shop\/es\/wp-json\/wp\/v2\/product"}],"about":[{"href":"https:\/\/specialpicks.shop\/es\/wp-json\/wp\/v2\/types\/product"}],"replies":[{"embeddable":true,"href":"https:\/\/specialpicks.shop\/es\/wp-json\/wp\/v2\/comments?post=2944"}],"version-history":[{"count":0,"href":"https:\/\/specialpicks.shop\/es\/wp-json\/wp\/v2\/product\/2944\/revisions"}],"wp:featuredmedia":[{"embeddable":true,"href":"https:\/\/specialpicks.shop\/es\/wp-json\/wp\/v2\/media\/2948"}],"wp:attachment":[{"href":"https:\/\/specialpicks.shop\/es\/wp-json\/wp\/v2\/media?parent=2944"}],"wp:term":[{"taxonomy":"product_brand","embeddable":true,"href":"https:\/\/specialpicks.shop\/es\/wp-json\/wp\/v2\/product_brand?post=2944"},{"taxonomy":"product_cat","embeddable":true,"href":"https:\/\/specialpicks.shop\/es\/wp-json\/wp\/v2\/product_cat?post=2944"},{"taxonomy":"product_tag","embeddable":true,"href":"https:\/\/specialpicks.shop\/es\/wp-json\/wp\/v2\/product_tag?post=2944"}],"curies":[{"name":"wp","href":"https:\/\/api.w.org\/{rel}","templated":true}]}}